{"id":623,"date":"2021-06-14T14:14:52","date_gmt":"2021-06-14T14:14:52","guid":{"rendered":"https:\/\/lonkigraphics.de\/?page_id=623"},"modified":"2024-10-28T09:11:14","modified_gmt":"2024-10-28T09:11:14","slug":"impressum","status":"publish","type":"page","link":"https:\/\/lonkigraphics.de\/?page_id=623","title":{"rendered":"Impressum"},"content":{"rendered":"\n<p class=\"has-text-align-center\">Impressum<\/p>\n\n\n\n<h6 class=\"wp-block-heading has-text-align-center\" style=\"font-size:14px\">Inhaberin der Seite:<br><strong>lonkigraphics<\/strong><br><br>Ilonka Williams (Grafik-Designerin)<br>Lindenbergstra\u00dfe<br>42499 H\u00fcckeswagen<br><br>Mobil 0175 1418882<br>info(at)lonkigraphics.de<br>www.lonkigraphics.de<br><br>Wirtschafts-Identifikationsnummer gem\u00e4\u00df \u00a7 139c <br>Abgabenordnung:<br>DE 94 104 385 269<br><br>Design und Umsetzung: Ilonka Williams<br>Text: Dr. Susanne Padberg-Rohlof<br><br>Bildquellen und -rechte:<br>stock.adobe.com (vormals fotolia.de) \u00b7 istockphoto.com<br>Ilonka Williams<\/h6>\n\n\n\n<div style=\"height:100px\" aria-hidden=\"true\" class=\"wp-block-spacer\"><\/div>\n\n\n\n<h6 class=\"wp-block-heading has-text-align-center\" style=\"font-size:14px\"><strong>Disclaimer \u2013 rechtliche Hinweise<br>Haftungsausschluss f\u00fcr Inhalte und Verlinkung<\/strong><br><br>Alle Angaben und Daten wurden nach bestem Wissen erstellt, es wird jedoch keine Gew\u00e4hr f\u00fcr deren Vollst\u00e4ndigkeit und Richtigkeit \u00fcbernommen. lonkigraphics beh\u00e4lt sich das Recht vor, ohne vorherige Ank\u00fcndigung die bereitgestellten Informationen zu \u00e4ndern, zu erg\u00e4nzen oder zu entfernen. Verweise durch Hyperlinks auf Inhalte fremder Webseiten dienen lediglich der Information. Vor dem Einrichten des entsprechenden Verweises sind die Web-Seiten der anderen Anbieter mit gro\u00dfer Sorgfalt und nach bestem Wissen und Gewissen \u00fcberpr\u00fcft worden. lonkigraphics hat auf die aktuelle oder zuk\u00fcnftige Gestaltung und die Inhalte der verkn\u00fcpften Seiten keinerlei Einfluss. Daher distanziert sich lonkigraphics trotz regelm\u00e4\u00dfiger \u00dcberpr\u00fcfung der gesetzten Links hiermit ausdr\u00fccklich von allen Inhalten aller gelinkten Seiten. Jegliche Haftung im Zusammenhang mit der Nutzung der Informationen, der Links oder dem Vertrauen auf deren Richtigkeit wird somit ausgeschlossen. Falls in diesem Online-Auftritt auf Seiten verwiesen wird, deren Inhalt Anlass zur Beanstandung gibt, bitten wir um Hinweis an: Ilonka Williams, Lindenbergstra\u00dfe, 42499 H\u00fcckeswagen, info(at)lonkigraphics.de<br><br><strong>Urheberrechte<\/strong><br>Der gesamte Inhalt sowie die Struktur dieser Website (Texte, Bilder, Grafiken, Animationen) unterliegen dem Urheberrecht, das bei lonkigraphics liegt. Alle Rechte bleiben vorbehalten. Die Vervielf\u00e4ltigung im Wege des Herunterladens auf dauerhafte Datentr\u00e4ger und\/oder des Ausdrucks auf Papier sowie die Weiterverbreitung ist nur bez\u00fcglich solcher Materialien gestattet, bei denen hierzu ausdr\u00fccklich aufgefordert wird. Jede andere Nutzung des urheberrechtlich gesch\u00fctzten Materials ist ohne unsere schriftliche Genehmigung untersagt.<br><br><strong>Anwendbares Recht<\/strong><br>Die rechtlichen Hinweise auf dieser Seite sowie alle Fragen und Streitigkeiten im Zusammenhang mit dieser Website unterliegen dem Recht der Bundesrepublik Deutschland.<br><br><strong>Gender-Hinweis<\/strong><br>Personenbezeichnungen erfolgen geschlechtsunabh\u00e4ngig und richten sich an alle Geschlechter.<br><br>H\u00fcckeswagen, 24.1.2020<\/h6>\n\n\n\n<div style=\"height:100px\" aria-hidden=\"true\" class=\"wp-block-spacer\"><\/div>\n","protected":false},"excerpt":{"rendered":"<p>Impressum Inhaberin der Seite:lonkigraphics Ilonka Williams (Grafik-Designerin)Lindenbergstra\u00dfe42499 H\u00fcckeswagen Mobil 0175 1418882info(at)lonkigraphics.dewww.lonkigraphics.de Wirtschafts-Identifikationsnummer gem\u00e4\u00df \u00a7 139c Abgabenordnung:DE 94 104 385 269 Design und Umsetzung: Ilonka WilliamsText: Dr. Susanne Padberg-Rohlof Bildquellen und -rechte:stock.adobe.com (vormals fotolia.de) \u00b7 istockphoto.comIlonka Williams Disclaimer \u2013 rechtliche HinweiseHaftungsausschluss f\u00fcr Inhalte und Verlinkung Alle Angaben und Daten wurden nach bestem Wissen erstellt, es wird [&hellip;]<\/p>\n","protected":false},"author":1,"featured_media":0,"parent":0,"menu_order":0,"comment_status":"closed","ping_status":"closed","template":"","meta":{"footnotes":""},"class_list":["post-623","page","type-page","status-publish","hentry"],"_links":{"self":[{"href":"https:\/\/lonkigraphics.de\/index.php?rest_route=\/wp\/v2\/pages\/623","targetHints":{"allow":["GET"]}}],"collection":[{"href":"https:\/\/lonkigraphics.de\/index.php?rest_route=\/wp\/v2\/pages"}],"about":[{"href":"https:\/\/lonkigraphics.de\/index.php?rest_route=\/wp\/v2\/types\/page"}],"author":[{"embeddable":true,"href":"https:\/\/lonkigraphics.de\/index.php?rest_route=\/wp\/v2\/users\/1"}],"replies":[{"embeddable":true,"href":"https:\/\/lonkigraphics.de\/index.php?rest_route=%2Fwp%2Fv2%2Fcomments&post=623"}],"version-history":[{"count":22,"href":"https:\/\/lonkigraphics.de\/index.php?rest_route=\/wp\/v2\/pages\/623\/revisions"}],"predecessor-version":[{"id":6415,"href":"https:\/\/lonkigraphics.de\/index.php?rest_route=\/wp\/v2\/pages\/623\/revisions\/6415"}],"wp:attachment":[{"href":"https:\/\/lonkigraphics.de\/index.php?rest_route=%2Fwp%2Fv2%2Fmedia&parent=623"}],"curies":[{"name":"wp","href":"https:\/\/api.w.org\/{rel}","templated":true}]}}